{"id":84,"date":"2026-02-27T13:01:00","date_gmt":"2026-02-27T12:01:00","guid":{"rendered":"https:\/\/www.rohrdi.com\/?page_id=84"},"modified":"2026-04-14T08:53:02","modified_gmt":"2026-04-14T06:53:02","slug":"rohrdi-pas110","status":"publish","type":"page","link":"https:\/\/www.rohrdi.com\/en\/rohrdi-pas110\/","title":{"rendered":"ROHRDI\u00ae PAS110"},"content":{"rendered":"<p>[et_pb_section fb_built=&#8221;1&#8243; _builder_version=&#8221;4.27.6&#8243; background_color=&#8221;#f2f2f2&#8243; custom_padding=&#8221;||23px|||&#8221; global_colors_info=&#8221;{}&#8221;][et_pb_row _builder_version=&#8221;4.16&#8243; background_size=&#8221;initial&#8221; background_position=&#8221;top_left&#8221; background_repeat=&#8221;repeat&#8221; global_colors_info=&#8221;{}&#8221;][et_pb_column type=&#8221;4_4&#8243; _builder_version=&#8221;4.16&#8243; custom_padding=&#8221;|||&#8221; global_colors_info=&#8221;{}&#8221; custom_padding__hover=&#8221;|||&#8221;][et_pb_blurb image=&#8221;https:\/\/www.rohrdi.com\/wp-content\/uploads\/2026\/03\/ROHRDI-LOGO-v2.png&#8221; image_icon_width=&#8221;600px&#8221; image_icon_width_tablet=&#8221;600px&#8221; image_icon_width_phone=&#8221;95%&#8221; image_icon_width_last_edited=&#8221;on|phone&#8221; _builder_version=&#8221;4.27.6&#8243; background_size=&#8221;initial&#8221; background_position=&#8221;top_left&#8221; background_repeat=&#8221;repeat&#8221; text_orientation=&#8221;center&#8221; animation_style=&#8221;fade&#8221; animation_duration=&#8221;1850ms&#8221; icon_font_size=&#8221;120px&#8221; locked=&#8221;off&#8221; global_colors_info=&#8221;{}&#8221;][\/et_pb_blurb][\/et_pb_column][\/et_pb_row][\/et_pb_section][et_pb_section fb_built=&#8221;1&#8243; _builder_version=&#8221;4.27.6&#8243; background_color=&#8221;#FFFFFF&#8221; global_colors_info=&#8221;{}&#8221;][et_pb_row _builder_version=&#8221;4.27.6&#8243; _module_preset=&#8221;default&#8221; max_width=&#8221;1255px&#8221; global_colors_info=&#8221;{}&#8221;][et_pb_column type=&#8221;4_4&#8243; _builder_version=&#8221;4.27.6&#8243; _module_preset=&#8221;default&#8221; global_colors_info=&#8221;{}&#8221;][et_pb_text _builder_version=&#8221;4.27.6&#8243; _module_preset=&#8221;default&#8221; header_text_color=&#8221;#0C71C3&#8243; custom_padding=&#8221;20px|20px|20px|20px|true|true&#8221; content_en_us=&#8221;<\/p>\n<h1><strong>ROHRDI\u00ae PAS110 Kit<\/strong><\/h1>\n<p><em>Patented One-Person Pipe Assembly System<\/em><\/p>\n<p>The ROHRDI\u00ae PAS110 is a patented mechanical assembly system for the controlled assembly and disassembly of socket pipes in civil engineering.<\/p>\n<p>The system enables reproducible axial pipe movement by a single person, without interfering with existing sealing systems.<\/p>\n<p><strong>Applications<\/strong><\/p>\n<p>*Socket pipes DN 110<br \/>*Civil engineering\/Pipeline construction<br \/>*New construction\/Rehabilitation<\/p>\n<p><strong>Features<\/strong><\/p>\n<p>*One-person operation<br \/>*External force application at the pipe socket<br \/>*No impact on internal sealing elements<br \/>*Mechanical, robust, low-maintenance<\/p>\n<p>&#8221; global_colors_info=&#8221;{}&#8221;]<\/p>\n<h1><strong>ROHRDI\u00ae PAS110 Kit<\/strong><\/h1>\n<p><em>Patented One-Person <strong>P<\/strong>ipe <strong>A<\/strong>ssembly <strong>S<\/strong>ystem<\/em><\/p>\n<p>Das ROHDRI\u00ae PAS110 ist ein patentiertes mechanisches Montagesystem zur kontrollierten Montage und Demontage von Muffenrohren im Tiefbau.<\/p>\n<p>Das System erm\u00f6glicht eine reproduzierbare axiale Rohrbewegung durch nur eine einzelne Person, ohne Eingriff in bestehende Dichtsysteme.<\/p>\n<p><strong>Anwendungsbereich<\/strong><\/p>\n<p>*Muffenrohre DN 110<br \/>*Tiefbau\/Rohrleitungsbau<br \/>*Neubau\/Sanierung<\/p>\n<p><strong>Eigenschaften<\/strong><\/p>\n<p>*Ein-Personen- Bedienung<br \/>*externe Krafteinleitung an der Rohrmuffe<br \/>*Keine Beeinflussung interner Dichtelemente<br \/>*Mechanisch, robust, wartungsarm<\/p>\n<p>[\/et_pb_text][et_pb_text _builder_version=&#8221;4.27.6&#8243; _module_preset=&#8221;default&#8221; header_text_color=&#8221;#0C71C3&#8243; custom_padding=&#8221;20px|20px|20px|20px|true|true&#8221; content_en_us=&#8221;<\/p>\n<h1><strong>ROHRDI\u00ae AM110<\/strong><\/h1>\n<p><em>Adapter Module<\/em><\/p>\n<p>The ROHRDI\u00ae AM110 is a temporary adapter solution for pipes without sockets. The adapter functionally replaces a socket and allows the ROHRDI system to be used regardless of the pipe geometry.<\/p>\n<p><strong>Features<\/strong><br \/>*Temporarily attachable<br \/>*Reusable<br \/>*Only usable in combination with ROHRDI PAS systems<\/p>\n<p>&#8221; global_colors_info=&#8221;{}&#8221;]<\/p>\n<h1><strong>ROHRDI\u00ae AM110<\/strong><\/h1>\n<p><em>Adapter Modul<\/em><\/p>\n<p>Das ROHRDI\u00ae AM110 ist eine tempor\u00e4r aufsetzbare Adapterl\u00f6sung f\u00fcr Rohre ohne Muffe. Der Adapter ersetzt funktional eine Muffe und erm\u00f6glicht den Einsatz des ROHRDI Systems unabh\u00e4ngig von der Rohrgeometrie.<\/p>\n<p><strong>Eigenschaften<br \/><\/strong>*Tempor\u00e4r aufsetzbar<br \/>*Wiederverwendbar<br \/>*Nur in Kombination mit ROHRDI PAS Systemen verwendbar<\/p>\n<p>[\/et_pb_text][et_pb_text _builder_version=&#8221;4.27.6&#8243; _module_preset=&#8221;default&#8221; header_text_color=&#8221;#0C71C3&#8243; custom_padding=&#8221;20px|20px|20px|20px|true|true&#8221; hover_enabled=&#8221;0&#8243; content_en_us=&#8221;<\/p>\n<h1><strong>ROHRDI\u00ae PAS110 Kit<\/strong><\/h1>\n<p><em>Complete system for immediate use on the construction site.<\/em><\/p>\n<p><strong>Consisting of:<br \/><\/strong>*ROHRDI\u00ae PAS110<br \/>*ROHRDI\u00ae AM110<br \/>*Carrying case<\/p>\n<p>&#8221; global_colors_info=&#8221;{}&#8221; sticky_enabled=&#8221;0&#8243;]<\/p>\n<h1><strong>ROHRDI\u00ae PAS110 Kit<\/strong> | Preise und Verf\u00fcgbarkeit folgen in K\u00fcrze.<\/h1>\n<p><em>Komplettes System f\u00fcr den sofortigen Einsatz auf der Baustelle.<\/em><\/p>\n<p><strong>Bestehend aus:<br \/>\n<\/strong>*ROHRDI\u00ae PAS110<br \/>\n*ROHRDI\u00ae AM110<br \/>\n*ROHRDI\u00ae PL Gleitmittel<br \/>\n*ROHRDI\u00ae CC Reinigungstuch<br \/>\n*ROHRDI\u00ae TB Transporttasche[\/et_pb_text][\/et_pb_column][\/et_pb_row][et_pb_row _builder_version=&#8221;4.27.6&#8243; _module_preset=&#8221;default&#8221; global_colors_info=&#8221;{}&#8221;][et_pb_column type=&#8221;4_4&#8243; _builder_version=&#8221;4.27.6&#8243; _module_preset=&#8221;default&#8221; global_colors_info=&#8221;{}&#8221;][et_pb_text _builder_version=&#8221;4.27.6&#8243; _module_preset=&#8221;default&#8221; content_en_us=&#8221;<\/p>\n<p>All <strong>ROHRDI<\/strong>\u00ae products are patented and designed exclusively for use with the intended system components.<\/p>\n<p>&#8221; global_colors_info=&#8221;{}&#8221;]<\/p>\n<p>Alle <strong>ROHRDI<\/strong>\u00ae Produkte sind patentiert und ausschlie\u00dflich f\u00fcr den Einsatz mit den vorgesehenen Systemkomponenten ausgelegt.<\/p>\n<p>[\/et_pb_text][et_pb_button _builder_version=&#8221;4.27.6&#8243; _module_preset=&#8221;default&#8221; button_text=&#8221;Set jetzt reservieren&#8221; button_url=&#8221;mailto:%20office@rohrdi.com?subject=Set ROHRDI PAS110 Kit%20jetzt%20reservieren&#8221; hover_enabled=&#8221;0&#8243; sticky_enabled=&#8221;0&#8243; button_alignment=&#8221;center&#8221;][\/et_pb_button][\/et_pb_column][\/et_pb_row][\/et_pb_section][et_pb_section fb_built=&#8221;1&#8243; _builder_version=&#8221;4.27.6&#8243; _module_preset=&#8221;default&#8221; background_color=&#8221;#e8e8e8&#8243; global_colors_info=&#8221;{}&#8221;][et_pb_row column_structure=&#8221;1_2,1_2&#8243; _builder_version=&#8221;4.27.6&#8243; _module_preset=&#8221;default&#8221; animation_style=&#8221;slide&#8221; animation_direction=&#8221;bottom&#8221; animation_duration=&#8221;1300ms&#8221; global_colors_info=&#8221;{}&#8221;][et_pb_column type=&#8221;1_2&#8243; _builder_version=&#8221;4.27.6&#8243; _module_preset=&#8221;default&#8221; global_colors_info=&#8221;{}&#8221;][et_pb_image src=&#8221;https:\/\/www.rohrdi.com\/wp-content\/uploads\/2026\/02\/Rohrdi-2-1.png&#8221; alt=&#8221;Rohrdi&#8221; title_text=&#8221;Rohrdi-2&#8243; align=&#8221;right&#8221; align_tablet=&#8221;right&#8221; align_phone=&#8221;center&#8221; align_last_edited=&#8221;on|phone&#8221; _builder_version=&#8221;4.27.6&#8243; _module_preset=&#8221;default&#8221; global_colors_info=&#8221;{}&#8221;][\/et_pb_image][\/et_pb_column][et_pb_column type=&#8221;1_2&#8243; _builder_version=&#8221;4.27.6&#8243; _module_preset=&#8221;default&#8221; global_colors_info=&#8221;{}&#8221;][et_pb_image src=&#8221;https:\/\/www.rohrdi.com\/wp-content\/uploads\/2026\/02\/Rohrdi.gif&#8221; alt=&#8221;Rohrdi&#8221; title_text=&#8221;Rohrdi&#8221; align_tablet=&#8221;&#8221; align_phone=&#8221;center&#8221; align_last_edited=&#8221;on|phone&#8221; _builder_version=&#8221;4.27.6&#8243; _module_preset=&#8221;default&#8221; global_colors_info=&#8221;{}&#8221;][\/et_pb_image][\/et_pb_column][\/et_pb_row][\/et_pb_section]<\/p>\n","protected":false},"excerpt":{"rendered":"<p>ROHRDI\u00ae PAS110 Kit Patented One-Person Pipe Assembly System Das ROHDRI\u00ae PAS110 ist ein patentiertes mechanisches Montagesystem zur kontrollierten Montage und Demontage von Muffenrohren im Tiefbau. Das System erm\u00f6glicht eine reproduzierbare axiale Rohrbewegung durch nur eine einzelne Person, ohne Eingriff in bestehende Dichtsysteme. Anwendungsbereich *Muffenrohre DN 110*Tiefbau\/Rohrleitungsbau*Neubau\/Sanierung Eigenschaften *Ein-Personen- Bedienung*externe Krafteinleitung an der Rohrmuffe*Keine Beeinflussung interner [&hellip;]<\/p>\n","protected":false},"author":1,"featured_media":0,"parent":0,"menu_order":0,"comment_status":"closed","ping_status":"closed","template":"","meta":{"_et_pb_use_builder":"on","_et_pb_old_content":"<!-- wp:divi\/placeholder \/-->","_et_gb_content_width":"","footnotes":""},"class_list":["post-84","page","type-page","status-publish","hentry"],"yoast_head":"<!-- This site is optimized with the Yoast SEO plugin v27.4 - https:\/\/yoast.com\/product\/yoast-seo-wordpress\/ -->\n<title>- ROHRDI | Verbinden, Trennen, Muffenrohre, - ROHRDI | Verbinden, Trennen, Muffenrohre,<\/title>\n<meta name=\"description\" content=\"KG, PP, Montagesystem, Verbindungssystem, Tiefbau, Ein-Personen-System, Effizient, Kanal, Baustelle, Pipe Assembly, Werkzeug, Direkt, Axial,\" \/>\n<meta name=\"robots\" content=\"index, follow, max-snippet:-1, max-image-preview:large, max-video-preview:-1\" \/>\n<link rel=\"canonical\" href=\"\" \/>\n<meta property=\"og:locale\" content=\"en_US\" \/>\n<meta property=\"og:type\" content=\"article\" \/>\n<meta property=\"og:title\" content=\"- ROHRDI | Verbinden, Trennen, Muffenrohre, - ROHRDI | Verbinden, Trennen, Muffenrohre,\" \/>\n<meta property=\"og:description\" content=\"KG, PP, Montagesystem, Verbindungssystem, Tiefbau, Ein-Personen-System, Effizient, Kanal, Baustelle, Pipe Assembly, Werkzeug, Direkt, Axial,\" \/>\n<meta property=\"og:url\" content=\"https:\/\/www.rohrdi.com\/en\/rohrdi-pas110\/\" \/>\n<meta property=\"og:site_name\" content=\"ROHRDI\" \/>\n<meta property=\"article:modified_time\" content=\"2026-04-14T06:53:02+00:00\" \/>\n<meta property=\"og:image\" content=\"https:\/\/www.rohrdi.com\/wp-content\/uploads\/2026\/02\/Distler-R-Logo-web.png\" \/>\n\t<meta property=\"og:image:width\" content=\"600\" \/>\n\t<meta property=\"og:image:height\" content=\"656\" \/>\n\t<meta property=\"og:image:type\" content=\"image\/png\" \/>\n<meta name=\"twitter:card\" content=\"summary_large_image\" \/>\n<meta name=\"twitter:label1\" content=\"Est. reading time\" \/>\n\t<meta name=\"twitter:data1\" content=\"2 minutes\" \/>\n<script type=\"application\/ld+json\" class=\"yoast-schema-graph\">{\"@context\":\"https:\\\/\\\/schema.org\",\"@graph\":[{\"@type\":\"WebPage\",\"@id\":\"https:\\\/\\\/www.rohrdi.com\\\/en\\\/rohrdi-pas110\\\/\",\"url\":\"https:\\\/\\\/www.rohrdi.com\\\/en\\\/rohrdi-pas110\\\/\",\"name\":\"ROHRDI\u00ae PAS110 - ROHRDI | Verbinden, Trennen, Muffenrohre,\",\"isPartOf\":{\"@id\":\"https:\\\/\\\/www.rohrdi.com\\\/#website\"},\"datePublished\":\"2026-02-27T12:01:00+00:00\",\"dateModified\":\"2026-04-14T06:53:02+00:00\",\"description\":\"KG, PP, Montagesystem, Verbindungssystem, Tiefbau, Ein-Personen-System, Effizient, Kanal, Baustelle, Pipe Assembly, Werkzeug, Direkt, Axial,\",\"breadcrumb\":{\"@id\":\"https:\\\/\\\/www.rohrdi.com\\\/en\\\/rohrdi-pas110\\\/#breadcrumb\"},\"inLanguage\":\"en-US\",\"potentialAction\":[{\"@type\":\"ReadAction\",\"target\":[\"https:\\\/\\\/www.rohrdi.com\\\/en\\\/rohrdi-pas110\\\/\"]}]},{\"@type\":\"BreadcrumbList\",\"@id\":\"https:\\\/\\\/www.rohrdi.com\\\/en\\\/rohrdi-pas110\\\/#breadcrumb\",\"itemListElement\":[{\"@type\":\"ListItem\",\"position\":1,\"name\":\"HOME\",\"item\":\"https:\\\/\\\/www.rohrdi.com\\\/\"},{\"@type\":\"ListItem\",\"position\":2,\"name\":\"ROHRDI\u00ae PAS110\"}]},{\"@type\":\"WebSite\",\"@id\":\"https:\\\/\\\/www.rohrdi.com\\\/en\\\/#website\",\"url\":\"https:\\\/\\\/www.rohrdi.com\\\/en\\\/\",\"name\":\"ROHRDI\",\"description\":\"Pipe Assembly Technology\",\"publisher\":{\"@id\":\"https:\\\/\\\/www.rohrdi.com\\\/en\\\/#organization\"},\"potentialAction\":[{\"@type\":\"SearchAction\",\"target\":{\"@type\":\"EntryPoint\",\"urlTemplate\":\"https:\\\/\\\/www.rohrdi.com\\\/en\\\/?s={search_term_string}\"},\"query-input\":{\"@type\":\"PropertyValueSpecification\",\"valueRequired\":true,\"valueName\":\"search_term_string\"}}],\"inLanguage\":\"en-US\"},{\"@type\":\"Organization\",\"@id\":\"https:\\\/\\\/www.rohrdi.com\\\/en\\\/#organization\",\"name\":\"ROHRDI\",\"url\":\"https:\\\/\\\/www.rohrdi.com\\\/en\\\/\",\"logo\":{\"@type\":\"ImageObject\",\"inLanguage\":\"en-US\",\"@id\":\"https:\\\/\\\/www.rohrdi.com\\\/en\\\/#\\\/schema\\\/logo\\\/image\\\/\",\"url\":\"https:\\\/\\\/www.rohrdi.com\\\/wp-content\\\/uploads\\\/2026\\\/02\\\/Distler-R-Logo-web.png\",\"contentUrl\":\"https:\\\/\\\/www.rohrdi.com\\\/wp-content\\\/uploads\\\/2026\\\/02\\\/Distler-R-Logo-web.png\",\"width\":600,\"height\":656,\"caption\":\"ROHRDI\"},\"image\":{\"@id\":\"https:\\\/\\\/www.rohrdi.com\\\/en\\\/#\\\/schema\\\/logo\\\/image\\\/\"}}]}<\/script>\n<!-- \/ Yoast SEO plugin. -->","yoast_head_json":{"title":"- ROHRDI | Verbinden, Trennen, Muffenrohre, - ROHRDI | Verbinden, Trennen, Muffenrohre,","description":"KG, PP, Montagesystem, Verbindungssystem, Tiefbau, Ein-Personen-System, Effizient, Kanal, Baustelle, Pipe Assembly, Werkzeug, Direkt, Axial,","robots":{"index":"index","follow":"follow","max-snippet":"max-snippet:-1","max-image-preview":"max-image-preview:large","max-video-preview":"max-video-preview:-1"},"canonical":"[et_pb_section fb_built=\"1\" _builder_version=\"4.27.6\" background_color=\"#f2f2f2\" custom_padding=\"||23px|||\" global_colors_info=\"{}\"][et_pb_row _builder_version=\"4.16\" background_size=\"initial\" background_position=\"top_left\" background_repeat=\"repeat\" global_colors_info=\"{}\"][et_pb_column type=\"4_4\" _builder_version=\"4.16\" custom_padding=\"|||\" global_colors_info=\"{}\" custom_padding__hover=\"|||\"][et_pb_blurb image=\"https:\/\/www.rohrdi.com\/wp-content\/uploads\/2026\/03\/ROHRDI-LOGO-v2.png\" image_icon_width=\"600px\" image_icon_width_tablet=\"600px\" image_icon_width_phone=\"95%\" image_icon_width_last_edited=\"on|phone\" _builder_version=\"4.27.6\" background_size=\"initial\" background_position=\"top_left\" background_repeat=\"repeat\" text_orientation=\"center\" animation_style=\"fade\" animation_duration=\"1850ms\" icon_font_size=\"120px\" locked=\"off\" global_colors_info=\"{}\"][\/et_pb_blurb][\/et_pb_column][\/et_pb_row][\/et_pb_section][et_pb_section fb_built=\"1\" _builder_version=\"4.27.6\" background_color=\"#FFFFFF\" global_colors_info=\"{}\"][et_pb_row _builder_version=\"4.27.6\" _module_preset=\"default\" max_width=\"1255px\" global_colors_info=\"{}\"][et_pb_column type=\"4_4\" _builder_version=\"4.27.6\" _module_preset=\"default\" global_colors_info=\"{}\"][et_pb_text _builder_version=\"4.27.6\" _module_preset=\"default\" header_text_color=\"#0C71C3\" custom_padding=\"20px|20px|20px|20px|true|true\" content_en_us=\"ROHRDI\u00ae PAS110 Kit Patented One-Person Pipe Assembly System&hellip;","og_locale":"en_US","og_type":"article","og_title":"- ROHRDI | Verbinden, Trennen, Muffenrohre, - ROHRDI | Verbinden, Trennen, Muffenrohre,","og_description":"KG, PP, Montagesystem, Verbindungssystem, Tiefbau, Ein-Personen-System, Effizient, Kanal, Baustelle, Pipe Assembly, Werkzeug, Direkt, Axial,","og_url":"https:\/\/www.rohrdi.com\/en\/rohrdi-pas110\/","og_site_name":"ROHRDI","article_modified_time":"2026-04-14T06:53:02+00:00","og_image":[{"width":600,"height":656,"url":"https:\/\/www.rohrdi.com\/wp-content\/uploads\/2026\/02\/Distler-R-Logo-web.png","type":"image\/png"}],"twitter_card":"summary_large_image","twitter_misc":{"Est. reading time":"2 minutes"},"schema":{"@context":"https:\/\/schema.org","@graph":[{"@type":"WebPage","@id":"https:\/\/www.rohrdi.com\/en\/rohrdi-pas110\/","url":"https:\/\/www.rohrdi.com\/en\/rohrdi-pas110\/","name":"ROHRDI\u00ae PAS110 - ROHRDI | Verbinden, Trennen, Muffenrohre,","isPartOf":{"@id":"https:\/\/www.rohrdi.com\/#website"},"datePublished":"2026-02-27T12:01:00+00:00","dateModified":"2026-04-14T06:53:02+00:00","description":"KG, PP, Montagesystem, Verbindungssystem, Tiefbau, Ein-Personen-System, Effizient, Kanal, Baustelle, Pipe Assembly, Werkzeug, Direkt, Axial,","breadcrumb":{"@id":"https:\/\/www.rohrdi.com\/en\/rohrdi-pas110\/#breadcrumb"},"inLanguage":"en-US","potentialAction":[{"@type":"ReadAction","target":["https:\/\/www.rohrdi.com\/en\/rohrdi-pas110\/"]}]},{"@type":"BreadcrumbList","@id":"https:\/\/www.rohrdi.com\/en\/rohrdi-pas110\/#breadcrumb","itemListElement":[{"@type":"ListItem","position":1,"name":"HOME","item":"https:\/\/www.rohrdi.com\/"},{"@type":"ListItem","position":2,"name":"ROHRDI\u00ae PAS110"}]},{"@type":"WebSite","@id":"https:\/\/www.rohrdi.com\/en\/#website","url":"https:\/\/www.rohrdi.com\/en\/","name":"ROHRDI","description":"Pipe Assembly Technology","publisher":{"@id":"https:\/\/www.rohrdi.com\/en\/#organization"},"potentialAction":[{"@type":"SearchAction","target":{"@type":"EntryPoint","urlTemplate":"https:\/\/www.rohrdi.com\/en\/?s={search_term_string}"},"query-input":{"@type":"PropertyValueSpecification","valueRequired":true,"valueName":"search_term_string"}}],"inLanguage":"en-US"},{"@type":"Organization","@id":"https:\/\/www.rohrdi.com\/en\/#organization","name":"ROHRDI","url":"https:\/\/www.rohrdi.com\/en\/","logo":{"@type":"ImageObject","inLanguage":"en-US","@id":"https:\/\/www.rohrdi.com\/en\/#\/schema\/logo\/image\/","url":"https:\/\/www.rohrdi.com\/wp-content\/uploads\/2026\/02\/Distler-R-Logo-web.png","contentUrl":"https:\/\/www.rohrdi.com\/wp-content\/uploads\/2026\/02\/Distler-R-Logo-web.png","width":600,"height":656,"caption":"ROHRDI"},"image":{"@id":"https:\/\/www.rohrdi.com\/en\/#\/schema\/logo\/image\/"}}]}},"_links":{"self":[{"href":"https:\/\/www.rohrdi.com\/en\/wp-json\/wp\/v2\/pages\/84","targetHints":{"allow":["GET"]}}],"collection":[{"href":"https:\/\/www.rohrdi.com\/en\/wp-json\/wp\/v2\/pages"}],"about":[{"href":"https:\/\/www.rohrdi.com\/en\/wp-json\/wp\/v2\/types\/page"}],"author":[{"embeddable":true,"href":"https:\/\/www.rohrdi.com\/en\/wp-json\/wp\/v2\/users\/1"}],"replies":[{"embeddable":true,"href":"https:\/\/www.rohrdi.com\/en\/wp-json\/wp\/v2\/comments?post=84"}],"version-history":[{"count":9,"href":"https:\/\/www.rohrdi.com\/en\/wp-json\/wp\/v2\/pages\/84\/revisions"}],"predecessor-version":[{"id":186,"href":"https:\/\/www.rohrdi.com\/en\/wp-json\/wp\/v2\/pages\/84\/revisions\/186"}],"wp:attachment":[{"href":"https:\/\/www.rohrdi.com\/en\/wp-json\/wp\/v2\/media?parent=84"}],"curies":[{"name":"wp","href":"https:\/\/api.w.org\/{rel}","templated":true}]}}