{"id":13,"date":"2026-02-25T09:27:27","date_gmt":"2026-02-25T08:27:27","guid":{"rendered":"https:\/\/www.rohrdi.com\/?page_id=13"},"modified":"2026-04-15T09:31:36","modified_gmt":"2026-04-15T07:31:36","slug":"home","status":"publish","type":"page","link":"https:\/\/www.rohrdi.com\/en\/","title":{"rendered":"HOME"},"content":{"rendered":"<p>[et_pb_section fb_built=&#8221;1&#8243; _builder_version=&#8221;4.27.6&#8243; background_color=&#8221;#f2f2f2&#8243; custom_padding=&#8221;||23px|||&#8221; global_colors_info=&#8221;{}&#8221;][et_pb_row _builder_version=&#8221;4.16&#8243; background_size=&#8221;initial&#8221; background_position=&#8221;top_left&#8221; background_repeat=&#8221;repeat&#8221; global_colors_info=&#8221;{}&#8221;][et_pb_column type=&#8221;4_4&#8243; _builder_version=&#8221;4.16&#8243; custom_padding=&#8221;|||&#8221; global_colors_info=&#8221;{}&#8221; custom_padding__hover=&#8221;|||&#8221;][et_pb_blurb image=&#8221;https:\/\/www.rohrdi.com\/wp-content\/uploads\/2026\/03\/ROHRDI-LOGO-v2.png&#8221; alt=&#8221;ROHRDI&#8221; image_icon_width=&#8221;600px&#8221; image_icon_width_tablet=&#8221;600px&#8221; image_icon_width_phone=&#8221;98%&#8221; image_icon_width_last_edited=&#8221;on|phone&#8221; _builder_version=&#8221;4.27.6&#8243; background_size=&#8221;initial&#8221; background_position=&#8221;top_left&#8221; background_repeat=&#8221;repeat&#8221; text_orientation=&#8221;center&#8221; animation_style=&#8221;slide&#8221; animation_duration=&#8221;1450ms&#8221; icon_font_size=&#8221;120px&#8221; locked=&#8221;off&#8221; global_colors_info=&#8221;{}&#8221;][\/et_pb_blurb][\/et_pb_column][\/et_pb_row][et_pb_row column_structure=&#8221;1_2,1_2&#8243; _builder_version=&#8221;4.27.6&#8243; _module_preset=&#8221;default&#8221; global_colors_info=&#8221;{}&#8221;][et_pb_column type=&#8221;1_2&#8243; _builder_version=&#8221;4.27.6&#8243; _module_preset=&#8221;default&#8221; global_colors_info=&#8221;{}&#8221;][et_pb_video src=&#8221;https:\/\/www.rohrdi.com\/wp-content\/uploads\/2026\/03\/ROHRDI.mp4&#8243; src_webm=&#8221;https:\/\/www.rohrdi.com\/wp-content\/uploads\/2026\/03\/ROHRDI.mp4&#8243; src_tablet=&#8221;https:\/\/www.rohrdi.com\/wp-content\/uploads\/2026\/03\/ROHRDI.mp4&#8243; src_phone=&#8221;https:\/\/www.rohrdi.com\/wp-content\/uploads\/2026\/03\/ROHRDI.mp4&#8243; src_last_edited=&#8221;on|phone&#8221; image_src_tablet=&#8221;&#8221; image_src_phone=&#8221;https:\/\/www.rohrdi.com\/wp-content\/uploads\/2026\/04\/ROHRDI.mp4.jpg&#8221; image_src_last_edited=&#8221;on|phone&#8221; _builder_version=&#8221;4.27.6&#8243; _module_preset=&#8221;default&#8221; width=&#8221;70%&#8221; width_tablet=&#8221;48%&#8221; width_phone=&#8221;90%&#8221; width_last_edited=&#8221;on|phone&#8221; module_alignment=&#8221;center&#8221; animation_style=&#8221;zoom&#8221; global_colors_info=&#8221;{}&#8221;][\/et_pb_video][et_pb_text _builder_version=&#8221;4.27.6&#8243; _module_preset=&#8221;default&#8221; global_colors_info=&#8221;{}&#8221;]<\/p>\n<p style=\"text-align: center;\"><span>ROHRDI PAS160 direkt an der Muffe<\/span><\/p>\n<p>[\/et_pb_text][\/et_pb_column][et_pb_column type=&#8221;1_2&#8243; _builder_version=&#8221;4.27.6&#8243; _module_preset=&#8221;default&#8221; global_colors_info=&#8221;{}&#8221;][et_pb_video src=&#8221;https:\/\/www.rohrdi.com\/wp-content\/uploads\/2026\/04\/Rohrdi-Video-3.mp4&#8243; src_webm=&#8221;https:\/\/www.rohrdi.com\/wp-content\/uploads\/2026\/04\/Rohrdi-Video-3.mp4&#8243; src_tablet=&#8221;https:\/\/www.rohrdi.com\/wp-content\/uploads\/2026\/03\/ROHRDI.mp4&#8243; src_phone=&#8221;https:\/\/www.rohrdi.com\/wp-content\/uploads\/2026\/04\/Rohrdi-Video-3.mp4&#8243; src_last_edited=&#8221;on|phone&#8221; image_src_tablet=&#8221;&#8221; image_src_phone=&#8221;https:\/\/www.rohrdi.com\/wp-content\/uploads\/2026\/04\/Rohrdi-Joachim-Distler-video3.mp4.jpg&#8221; image_src_last_edited=&#8221;on|phone&#8221; _builder_version=&#8221;4.27.6&#8243; _module_preset=&#8221;default&#8221; width=&#8221;70%&#8221; width_tablet=&#8221;48%&#8221; width_phone=&#8221;90%&#8221; width_last_edited=&#8221;on|phone&#8221; module_alignment=&#8221;center&#8221; animation_style=&#8221;zoom&#8221; hover_enabled=&#8221;0&#8243; global_colors_info=&#8221;{}&#8221; title_text=&#8221;Rohrdi Video 3&#8243; sticky_enabled=&#8221;0&#8243;][\/et_pb_video][et_pb_text _builder_version=&#8221;4.27.6&#8243; _module_preset=&#8221;default&#8221; global_colors_info=&#8221;{}&#8221;]<\/p>\n<p style=\"text-align: center;\">ROHRDI AM160 Adaptermuffe <br \/>tempor\u00e4r aufsetzbar f\u00fcr Rohre ohne Muffe<\/p>\n<p>[\/et_pb_text][\/et_pb_column][\/et_pb_row][\/et_pb_section][et_pb_section fb_built=&#8221;1&#8243; _builder_version=&#8221;4.27.6&#8243; background_color=&#8221;#FFFFFF&#8221; global_colors_info=&#8221;{}&#8221;][et_pb_row _builder_version=&#8221;4.16&#8243; background_size=&#8221;initial&#8221; background_position=&#8221;top_left&#8221; background_repeat=&#8221;repeat&#8221; global_colors_info=&#8221;{}&#8221;][et_pb_column type=&#8221;4_4&#8243; _builder_version=&#8221;4.16&#8243; custom_padding=&#8221;|||&#8221; global_colors_info=&#8221;{}&#8221; custom_padding__hover=&#8221;|||&#8221;][et_pb_text _builder_version=&#8221;4.27.6&#8243; background_size=&#8221;initial&#8221; background_position=&#8221;top_left&#8221; background_repeat=&#8221;repeat&#8221; text_orientation=&#8221;center&#8221; module_alignment=&#8221;center&#8221; content_en_us=&#8221;<\/p>\n<h1 style=%22text-align: left;%22>Pipe Assembly Technology<\/h1>\n<p style=%22text-align: left;%22>Patented one-person system for socketed pipe connections<\/p>\n<h2 style=%22text-align: left;%22>Introduction<\/h2>\n<p style=%22text-align: left;%22>ROHRDI is a patented mechanical assembly technology enabling safe and efficient<br \/>one person installation and removal of socketed pipe systems<br \/>used in civil engineering and infrastructure projects.<\/p>\n<p style=%22text-align: left;%22>Developed from real construction site experience , ROHRDI improves installation efficiency,<br \/>reduces manpower requirements and enhances work safety- without modifying existing pipe systems.<\/p>\n<h2 style=%22text-align: left;%22>Key Benefits<\/h2>\n<p style=%22text-align: left;%22>*One-person operation<br \/>*Reduces manpower and installation time<br \/>*No interference with internal sealing systems<br \/>*Reproducible and controlled pipe connections<br \/>*Designed for demanding site conditions<br \/>*Fully mechanical and robust construction<br \/><span>*Less effort and significantly reduced physical strain<\/span><\/p>\n<h2 style=%22text-align: left;%22>The ROHRDI System<\/h2>\n<p style=%22text-align: left;%22>The ROHRDI system operates externally at the pipe socket and does not interfere with internal sealing elements.<\/p>\n<p style=%22text-align: left;%22>Engineered for real construction environments including dirt, moisture, limited space and Variable temperatures, ROHRDI supports reliable and repeatable pipe assembly processes.<\/p>\n<p style=%22text-align: left;%22>Patent status: Polished and protected.<\/p>\n<p style=%22text-align: left;%22><span>Other sizes and adapter solutions are available upon request.<\/span><\/p>\n<p style=%22text-align: left;%22><strong>ROHRDI is available for:<\/strong><\/p>\n<p style=%22text-align: left;%22>Industrial cooperation<br \/>Licensing agreements<br \/>Co-branding solutions<br \/>Strategic partnerships<\/p>\n<p>&#8221; global_colors_info=&#8221;{}&#8221;]<\/p>\n<h1 style=\"text-align: left;\">Rohrmontagetechnik<\/h1>\n<p style=\"text-align: left;\">Patentiertes Ein-Personen-System f\u00fcr Muffenverbindungen<\/p>\n<h2 style=\"text-align: left;\">Einf\u00fchrung<\/h2>\n<p style=\"text-align: left;\">ROHRDI ist eine patentierte mechanische Montagetechnologie, die die sichere und effiziente Montage und Demontage von Muffenverbindungen durch eine Person erm\u00f6glicht.<br \/>ROHRDI wird im Tiefbau und bei Infrastrukturprojekten eingesetzt.<\/p>\n<p style=\"text-align: left;\">Entwickelt auf Basis praktischer Baustellenerfahrung, verbessert ROHRDI die Montageeffizienz, reduziert den Personalaufwand und erh\u00f6ht die Arbeitssicherheit \u2013 ohne bestehende Rohrsysteme zu ver\u00e4ndern.<\/p>\n<h2 style=\"text-align: left;\">Hauptvorteile<\/h2>\n<p style=\"text-align: left;\">*Bedienung durch eine Person<br \/>*Reduzierter Personalaufwand und k\u00fcrzere Montagezeiten<br \/>*Keine Beeintr\u00e4chtigung der internen Dichtungssysteme<br \/>*Reproduzierbare und kontrollierte Rohrverbindungen<br \/>*Konzipiert f\u00fcr anspruchsvolle Baustellenbedingungen<br \/>*Vollst\u00e4ndig mechanische und robuste Konstruktion<br \/>*Weniger Kraftaufwand und deutlich geringere k\u00f6rperliche Belastung<\/p>\n<h2 style=\"text-align: left;\">Das ROHRDI -System<\/h2>\n<p style=\"text-align: left;\">Das ROHRDI-System arbeitet extern an der Rohrmuffe und beeintr\u00e4chtigt nicht die internen Dichtungselemente.<\/p>\n<p style=\"text-align: left;\">ROHRDI wurde f\u00fcr reale Baustellenumgebungen mit Schmutz, Feuchtigkeit, beengten Platzverh\u00e4ltnissen und variablen Temperaturen entwickelt und unterst\u00fctzt zuverl\u00e4ssige und wiederholbare Rohrmontageprozesse.<\/p>\n<p style=\"text-align: left;\">Patentstatus: Erteilt.<\/p>\n<p style=\"text-align: left;\">Weitere Gr\u00f6\u00dfen und Adapterl\u00f6sungen auf Anfrage verf\u00fcgbar.<\/p>\n<p style=\"text-align: left;\"><strong>ROHRDI steht f\u00fcr ausgew\u00e4hlte Kooperationsmodelle zur Verf\u00fcgung:<\/strong><\/p>\n<p style=\"text-align: left;\">Industriekooperationen<br \/>Lizenzvereinbarungen<br \/>Co-Branding-L\u00f6sungen<br \/>Strategische Partnerschaften<br \/><span>Direktvertrieb<\/span><\/p>\n<p>[\/et_pb_text][\/et_pb_column][\/et_pb_row][et_pb_row _builder_version=&#8221;4.16&#8243; background_size=&#8221;initial&#8221; background_position=&#8221;top_left&#8221; background_repeat=&#8221;repeat&#8221; locked=&#8221;off&#8221; global_colors_info=&#8221;{}&#8221;][et_pb_column type=&#8221;4_4&#8243; _builder_version=&#8221;4.16&#8243; custom_padding=&#8221;|||&#8221; global_colors_info=&#8221;{}&#8221; custom_padding__hover=&#8221;|||&#8221;][et_pb_button button_url=&#8221;mailto:%20office@rohrdi.com&#8221; button_text=&#8221;Kontakt&#8221; button_alignment=&#8221;center&#8221; _builder_version=&#8221;4.27.5&#8243; _module_preset=&#8221;default&#8221; button_text_en_us=&#8221;Contact&#8221; global_colors_info=&#8221;{}&#8221;][\/et_pb_button][\/et_pb_column][\/et_pb_row][\/et_pb_section][et_pb_section fb_built=&#8221;1&#8243; _builder_version=&#8221;4.27.6&#8243; _module_preset=&#8221;default&#8221; background_color=&#8221;#e8e8e8&#8243; global_colors_info=&#8221;{}&#8221;][et_pb_row column_structure=&#8221;1_4,1_4,1_4,1_4&#8243; _builder_version=&#8221;4.27.6&#8243; _module_preset=&#8221;default&#8221; width=&#8221;90%&#8221; max_width=&#8221;1912px&#8221; animation_style=&#8221;slide&#8221; animation_direction=&#8221;bottom&#8221; animation_duration=&#8221;1300ms&#8221; global_colors_info=&#8221;{}&#8221;][et_pb_column type=&#8221;1_4&#8243; _builder_version=&#8221;4.27.6&#8243; _module_preset=&#8221;default&#8221; global_colors_info=&#8221;{}&#8221;][et_pb_image src=&#8221;https:\/\/www.rohrdi.com\/wp-content\/uploads\/2026\/02\/Rohrdi-2-1.png&#8221; alt=&#8221;Rohrdi&#8221; title_text=&#8221;Rohrdi-2&#8243; show_in_lightbox=&#8221;on&#8221; align=&#8221;right&#8221; align_tablet=&#8221;right&#8221; align_phone=&#8221;center&#8221; align_last_edited=&#8221;on|phone&#8221; _builder_version=&#8221;4.27.6&#8243; _module_preset=&#8221;default&#8221; global_colors_info=&#8221;{}&#8221;][\/et_pb_image][\/et_pb_column][et_pb_column type=&#8221;1_4&#8243; _builder_version=&#8221;4.27.6&#8243; _module_preset=&#8221;default&#8221; global_colors_info=&#8221;{}&#8221;][et_pb_image src=&#8221;https:\/\/www.rohrdi.com\/wp-content\/uploads\/2026\/03\/Rohrdi-3-1024&#215;1024.png&#8221; alt=&#8221;Rohrdi&#8221; title_text=&#8221;Rohrdi-3&#8243; show_in_lightbox=&#8221;on&#8221; align_tablet=&#8221;&#8221; align_phone=&#8221;center&#8221; align_last_edited=&#8221;on|phone&#8221; _builder_version=&#8221;4.27.6&#8243; _module_preset=&#8221;default&#8221; width=&#8221;82%&#8221; global_colors_info=&#8221;{}&#8221;][\/et_pb_image][\/et_pb_column][et_pb_column type=&#8221;1_4&#8243; _builder_version=&#8221;4.27.6&#8243; _module_preset=&#8221;default&#8221; global_colors_info=&#8221;{}&#8221;][et_pb_image src=&#8221;https:\/\/www.rohrdi.com\/wp-content\/uploads\/2026\/04\/Rohrdi-Tasche-1-web.png&#8221; title_text=&#8221;Rohrdi-Tasche-1-web&#8221; show_in_lightbox=&#8221;on&#8221; _builder_version=&#8221;4.27.6&#8243; _module_preset=&#8221;default&#8221; global_colors_info=&#8221;{}&#8221;][\/et_pb_image][\/et_pb_column][et_pb_column type=&#8221;1_4&#8243; _builder_version=&#8221;4.27.6&#8243; _module_preset=&#8221;default&#8221; global_colors_info=&#8221;{}&#8221;][et_pb_image src=&#8221;https:\/\/www.rohrdi.com\/wp-content\/uploads\/2026\/04\/Rohrdi-Tasche-2web.png&#8221; title_text=&#8221;Rohrdi-Tasche-2web&#8221; show_in_lightbox=&#8221;on&#8221; _builder_version=&#8221;4.27.6&#8243; _module_preset=&#8221;default&#8221; global_colors_info=&#8221;{}&#8221;][\/et_pb_image][\/et_pb_column][\/et_pb_row][et_pb_row _builder_version=&#8221;4.27.6&#8243; _module_preset=&#8221;default&#8221; global_colors_info=&#8221;{}&#8221;][et_pb_column type=&#8221;4_4&#8243; _builder_version=&#8221;4.27.6&#8243; _module_preset=&#8221;default&#8221; global_colors_info=&#8221;{}&#8221;][et_pb_button button_url=&#8221;@ET-DC@eyJkeW5hbWljIjp0cnVlLCJjb250ZW50IjoicG9zdF9saW5rX3VybF9wYWdlIiwic2V0dGluZ3MiOnsicG9zdF9pZCI6Ijg0In19@&#8221; button_text=&#8221;Produkte&#8221; button_alignment=&#8221;center&#8221; _builder_version=&#8221;4.27.6&#8243; _dynamic_attributes=&#8221;button_url&#8221; _module_preset=&#8221;default&#8221; button_text_en_us=&#8221;Products&#8221; global_colors_info=&#8221;{}&#8221;][\/et_pb_button][\/et_pb_column][\/et_pb_row][\/et_pb_section]<\/p>\n","protected":false},"excerpt":{"rendered":"<p>ROHRDI PAS160 direkt an der MuffeROHRDI AM160 Adaptermuffe tempor\u00e4r aufsetzbar f\u00fcr Rohre ohne MuffeRohrmontagetechnik Patentiertes Ein-Personen-System f\u00fcr Muffenverbindungen Einf\u00fchrung ROHRDI ist eine patentierte mechanische Montagetechnologie, die die sichere und effiziente Montage und Demontage von Muffenverbindungen durch eine Person erm\u00f6glicht.ROHRDI wird im Tiefbau und bei Infrastrukturprojekten eingesetzt. Entwickelt auf Basis praktischer Baustellenerfahrung, verbessert ROHRDI die Montageeffizienz, [&hellip;]<\/p>\n","protected":false},"author":1,"featured_media":0,"parent":0,"menu_order":0,"comment_status":"closed","ping_status":"closed","template":"","meta":{"_et_pb_use_builder":"on","_et_pb_old_content":"","_et_gb_content_width":"","footnotes":""},"class_list":["post-13","page","type-page","status-publish","hentry"],"yoast_head":"<!-- This site is optimized with the Yoast SEO plugin v27.4 - https:\/\/yoast.com\/product\/yoast-seo-wordpress\/ -->\n<title>- ROHRDI | Pipe Assembly Technology - ROHRDI | Pipe Assembly Technology<\/title>\n<meta name=\"description\" content=\"Verbinden, Trennen, Muffenrohre, PVC, KG, PP, Montagesystem, Verbindungssystem, Tiefbau, Ein-Personen-System, Effizient, Kanal,\" \/>\n<meta name=\"robots\" content=\"index, follow, max-snippet:-1, max-image-preview:large, max-video-preview:-1\" \/>\n<link rel=\"canonical\" href=\"\" \/>\n<meta property=\"og:locale\" content=\"en_US\" \/>\n<meta property=\"og:type\" content=\"article\" \/>\n<meta property=\"og:title\" content=\"- ROHRDI | Pipe Assembly Technology - ROHRDI | Pipe Assembly Technology\" \/>\n<meta property=\"og:description\" content=\"Verbinden, Trennen, Muffenrohre, PVC, KG, PP, Montagesystem, Verbindungssystem, Tiefbau, Ein-Personen-System, Effizient, Kanal,\" \/>\n<meta property=\"og:url\" content=\"https:\/\/www.rohrdi.com\/en\/\" \/>\n<meta property=\"og:site_name\" content=\"ROHRDI\" \/>\n<meta property=\"article:modified_time\" content=\"2026-04-15T07:31:36+00:00\" \/>\n<meta property=\"og:image\" content=\"https:\/\/www.rohrdi.com\/wp-content\/uploads\/2026\/02\/Distler-R-Logo-web.png\" \/>\n\t<meta property=\"og:image:width\" content=\"600\" \/>\n\t<meta property=\"og:image:height\" content=\"656\" \/>\n\t<meta property=\"og:image:type\" content=\"image\/png\" \/>\n<meta name=\"twitter:card\" content=\"summary_large_image\" \/>\n<meta name=\"twitter:label1\" content=\"Est. reading time\" \/>\n\t<meta name=\"twitter:data1\" content=\"2 minutes\" \/>\n<script type=\"application\/ld+json\" class=\"yoast-schema-graph\">{\"@context\":\"https:\\\/\\\/schema.org\",\"@graph\":[{\"@type\":\"WebPage\",\"@id\":\"https:\\\/\\\/www.rohrdi.com\\\/en\\\/\",\"url\":\"https:\\\/\\\/www.rohrdi.com\\\/en\\\/\",\"name\":\"HOME - ROHRDI | Pipe Assembly Technology\",\"isPartOf\":{\"@id\":\"https:\\\/\\\/www.rohrdi.com\\\/#website\"},\"datePublished\":\"2026-02-25T08:27:27+00:00\",\"dateModified\":\"2026-04-15T07:31:36+00:00\",\"description\":\"Verbinden, Trennen, Muffenrohre, PVC, KG, PP, Montagesystem, Verbindungssystem, Tiefbau, Ein-Personen-System, Effizient, Kanal,\",\"breadcrumb\":{\"@id\":\"https:\\\/\\\/www.rohrdi.com\\\/en\\\/#breadcrumb\"},\"inLanguage\":\"en-US\",\"potentialAction\":[{\"@type\":\"ReadAction\",\"target\":[\"https:\\\/\\\/www.rohrdi.com\\\/en\\\/\"]}]},{\"@type\":\"BreadcrumbList\",\"@id\":\"https:\\\/\\\/www.rohrdi.com\\\/en\\\/#breadcrumb\",\"itemListElement\":[{\"@type\":\"ListItem\",\"position\":1,\"name\":\"HOME\",\"item\":\"https:\\\/\\\/www.rohrdi.com\\\/\"},{\"@type\":\"ListItem\",\"position\":2,\"name\":\"HOME\"}]},{\"@type\":\"WebSite\",\"@id\":\"https:\\\/\\\/www.rohrdi.com\\\/en\\\/#website\",\"url\":\"https:\\\/\\\/www.rohrdi.com\\\/en\\\/\",\"name\":\"ROHRDI\",\"description\":\"Pipe Assembly Technology\",\"publisher\":{\"@id\":\"https:\\\/\\\/www.rohrdi.com\\\/en\\\/#organization\"},\"potentialAction\":[{\"@type\":\"SearchAction\",\"target\":{\"@type\":\"EntryPoint\",\"urlTemplate\":\"https:\\\/\\\/www.rohrdi.com\\\/en\\\/?s={search_term_string}\"},\"query-input\":{\"@type\":\"PropertyValueSpecification\",\"valueRequired\":true,\"valueName\":\"search_term_string\"}}],\"inLanguage\":\"en-US\"},{\"@type\":\"Organization\",\"@id\":\"https:\\\/\\\/www.rohrdi.com\\\/en\\\/#organization\",\"name\":\"ROHRDI\",\"url\":\"https:\\\/\\\/www.rohrdi.com\\\/en\\\/\",\"logo\":{\"@type\":\"ImageObject\",\"inLanguage\":\"en-US\",\"@id\":\"https:\\\/\\\/www.rohrdi.com\\\/en\\\/#\\\/schema\\\/logo\\\/image\\\/\",\"url\":\"https:\\\/\\\/www.rohrdi.com\\\/wp-content\\\/uploads\\\/2026\\\/02\\\/Distler-R-Logo-web.png\",\"contentUrl\":\"https:\\\/\\\/www.rohrdi.com\\\/wp-content\\\/uploads\\\/2026\\\/02\\\/Distler-R-Logo-web.png\",\"width\":600,\"height\":656,\"caption\":\"ROHRDI\"},\"image\":{\"@id\":\"https:\\\/\\\/www.rohrdi.com\\\/en\\\/#\\\/schema\\\/logo\\\/image\\\/\"}}]}<\/script>\n<!-- \/ Yoast SEO plugin. -->","yoast_head_json":{"title":"- ROHRDI | Pipe Assembly Technology - ROHRDI | Pipe Assembly Technology","description":"Verbinden, Trennen, Muffenrohre, PVC, KG, PP, Montagesystem, Verbindungssystem, Tiefbau, Ein-Personen-System, Effizient, Kanal,","robots":{"index":"index","follow":"follow","max-snippet":"max-snippet:-1","max-image-preview":"max-image-preview:large","max-video-preview":"max-video-preview:-1"},"canonical":"[et_pb_section fb_built=\"1\" _builder_version=\"4.27.6\" background_color=\"#f2f2f2\" custom_padding=\"||23px|||\" global_colors_info=\"{}\"][et_pb_row _builder_version=\"4.16\" background_size=\"initial\" background_position=\"top_left\" background_repeat=\"repeat\" global_colors_info=\"{}\"][et_pb_column type=\"4_4\" _builder_version=\"4.16\" custom_padding=\"|||\" global_colors_info=\"{}\" custom_padding__hover=\"|||\"][et_pb_blurb image=\"https:\/\/www.rohrdi.com\/wp-content\/uploads\/2026\/03\/ROHRDI-LOGO-v2.png\" alt=\"ROHRDI\" image_icon_width=\"600px\" image_icon_width_tablet=\"600px\" image_icon_width_phone=\"98%\" image_icon_width_last_edited=\"on|phone\" _builder_version=\"4.27.6\" background_size=\"initial\" background_position=\"top_left\" background_repeat=\"repeat\" text_orientation=\"center\" animation_style=\"slide\" animation_duration=\"1450ms\" icon_font_size=\"120px\" locked=\"off\" global_colors_info=\"{}\"][\/et_pb_blurb][\/et_pb_column][\/et_pb_row][et_pb_row column_structure=\"1_2,1_2\" _builder_version=\"4.27.6\" _module_preset=\"default\" global_colors_info=\"{}\"][et_pb_column type=\"1_2\" _builder_version=\"4.27.6\" _module_preset=\"default\" global_colors_info=\"{}\"][et_pb_video src=\"https:\/\/www.rohrdi.com\/wp-content\/uploads\/2026\/03\/ROHRDI.mp4\" src_webm=\"https:\/\/www.rohrdi.com\/wp-content\/uploads\/2026\/03\/ROHRDI.mp4\" src_tablet=\"https:\/\/www.rohrdi.com\/wp-content\/uploads\/2026\/03\/ROHRDI.mp4\" src_phone=\"https:\/\/www.rohrdi.com\/wp-content\/uploads\/2026\/03\/ROHRDI.mp4\" src_last_edited=\"on|phone\" image_src_tablet=\"\" image_src_phone=\"https:\/\/www.rohrdi.com\/wp-content\/uploads\/2026\/04\/ROHRDI.mp4.jpg\" image_src_last_edited=\"on|phone\" _builder_version=\"4.27.6\" _module_preset=\"default\" width=\"70%\" width_tablet=\"48%\" width_phone=\"90%\" width_last_edited=\"on|phone\" module_alignment=\"center\"&hellip;","og_locale":"en_US","og_type":"article","og_title":"- ROHRDI | Pipe Assembly Technology - ROHRDI | Pipe Assembly Technology","og_description":"Verbinden, Trennen, Muffenrohre, PVC, KG, PP, Montagesystem, Verbindungssystem, Tiefbau, Ein-Personen-System, Effizient, Kanal,","og_url":"https:\/\/www.rohrdi.com\/en\/","og_site_name":"ROHRDI","article_modified_time":"2026-04-15T07:31:36+00:00","og_image":[{"width":600,"height":656,"url":"https:\/\/www.rohrdi.com\/wp-content\/uploads\/2026\/02\/Distler-R-Logo-web.png","type":"image\/png"}],"twitter_card":"summary_large_image","twitter_misc":{"Est. reading time":"2 minutes"},"schema":{"@context":"https:\/\/schema.org","@graph":[{"@type":"WebPage","@id":"https:\/\/www.rohrdi.com\/en\/","url":"https:\/\/www.rohrdi.com\/en\/","name":"HOME - ROHRDI | Pipe Assembly Technology","isPartOf":{"@id":"https:\/\/www.rohrdi.com\/#website"},"datePublished":"2026-02-25T08:27:27+00:00","dateModified":"2026-04-15T07:31:36+00:00","description":"Verbinden, Trennen, Muffenrohre, PVC, KG, PP, Montagesystem, Verbindungssystem, Tiefbau, Ein-Personen-System, Effizient, Kanal,","breadcrumb":{"@id":"https:\/\/www.rohrdi.com\/en\/#breadcrumb"},"inLanguage":"en-US","potentialAction":[{"@type":"ReadAction","target":["https:\/\/www.rohrdi.com\/en\/"]}]},{"@type":"BreadcrumbList","@id":"https:\/\/www.rohrdi.com\/en\/#breadcrumb","itemListElement":[{"@type":"ListItem","position":1,"name":"HOME","item":"https:\/\/www.rohrdi.com\/"},{"@type":"ListItem","position":2,"name":"HOME"}]},{"@type":"WebSite","@id":"https:\/\/www.rohrdi.com\/en\/#website","url":"https:\/\/www.rohrdi.com\/en\/","name":"ROHRDI","description":"Pipe Assembly Technology","publisher":{"@id":"https:\/\/www.rohrdi.com\/en\/#organization"},"potentialAction":[{"@type":"SearchAction","target":{"@type":"EntryPoint","urlTemplate":"https:\/\/www.rohrdi.com\/en\/?s={search_term_string}"},"query-input":{"@type":"PropertyValueSpecification","valueRequired":true,"valueName":"search_term_string"}}],"inLanguage":"en-US"},{"@type":"Organization","@id":"https:\/\/www.rohrdi.com\/en\/#organization","name":"ROHRDI","url":"https:\/\/www.rohrdi.com\/en\/","logo":{"@type":"ImageObject","inLanguage":"en-US","@id":"https:\/\/www.rohrdi.com\/en\/#\/schema\/logo\/image\/","url":"https:\/\/www.rohrdi.com\/wp-content\/uploads\/2026\/02\/Distler-R-Logo-web.png","contentUrl":"https:\/\/www.rohrdi.com\/wp-content\/uploads\/2026\/02\/Distler-R-Logo-web.png","width":600,"height":656,"caption":"ROHRDI"},"image":{"@id":"https:\/\/www.rohrdi.com\/en\/#\/schema\/logo\/image\/"}}]}},"_links":{"self":[{"href":"https:\/\/www.rohrdi.com\/en\/wp-json\/wp\/v2\/pages\/13","targetHints":{"allow":["GET"]}}],"collection":[{"href":"https:\/\/www.rohrdi.com\/en\/wp-json\/wp\/v2\/pages"}],"about":[{"href":"https:\/\/www.rohrdi.com\/en\/wp-json\/wp\/v2\/types\/page"}],"author":[{"embeddable":true,"href":"https:\/\/www.rohrdi.com\/en\/wp-json\/wp\/v2\/users\/1"}],"replies":[{"embeddable":true,"href":"https:\/\/www.rohrdi.com\/en\/wp-json\/wp\/v2\/comments?post=13"}],"version-history":[{"count":43,"href":"https:\/\/www.rohrdi.com\/en\/wp-json\/wp\/v2\/pages\/13\/revisions"}],"predecessor-version":[{"id":211,"href":"https:\/\/www.rohrdi.com\/en\/wp-json\/wp\/v2\/pages\/13\/revisions\/211"}],"wp:attachment":[{"href":"https:\/\/www.rohrdi.com\/en\/wp-json\/wp\/v2\/media?parent=13"}],"curies":[{"name":"wp","href":"https:\/\/api.w.org\/{rel}","templated":true}]}}