{"id":110,"date":"2026-03-02T09:16:40","date_gmt":"2026-03-02T08:16:40","guid":{"rendered":"https:\/\/www.rohrdi.com\/?page_id=110"},"modified":"2026-03-02T09:28:00","modified_gmt":"2026-03-02T08:28:00","slug":"impressum-datenschutz","status":"publish","type":"page","link":"https:\/\/www.rohrdi.com\/en\/impressum-datenschutz\/","title":{"rendered":"Impressum | Datenschutz"},"content":{"rendered":"<p>[et_pb_section fb_built=&#8221;1&#8243; _builder_version=&#8221;4.27.6&#8243; _module_preset=&#8221;default&#8221; background_color=&#8221;#f2f2f2&#8243; global_colors_info=&#8221;{}&#8221;][et_pb_row _builder_version=&#8221;4.27.6&#8243; _module_preset=&#8221;default&#8221; global_colors_info=&#8221;{}&#8221;][et_pb_column type=&#8221;4_4&#8243; _builder_version=&#8221;4.27.6&#8243; _module_preset=&#8221;default&#8221; global_colors_info=&#8221;{}&#8221;][et_pb_text _builder_version=&#8221;4.27.6&#8243; _module_preset=&#8221;default&#8221; hover_enabled=&#8221;0&#8243; global_colors_info=&#8221;{}&#8221; content_en_us=&#8221;<\/p>\n<p>ROHRDI \u00ae<br \/>a brand of DISTLER ERDBAU GmbH<br \/>Flamberg 66a<br \/>8505 St. Nikolai i.S.<\/p>\n<p>Austria<br \/>office@rohrdi.com<br \/>+43 650 8465 000<\/p>\n<p>&nbsp;<\/p>\n<hr \/>\n<p>Data Privacy<br \/>The operators of this website take the protection of your personal data very seriously. We treat your personal data confidentially and in accordance with the statutory data protection regulations and this privacy policy.<\/p>\n<p>Use of our website is generally possible without providing personal data. Insofar as personal data (e.g., name, address, or email addresses) is collected on our website, this is always done on a voluntary basis, where possible. This data will not be passed on to third parties without your express consent.<\/p>\n<p>Please note that data transmission over the Internet (e.g., when communicating by email) can have security vulnerabilities. Complete protection of data against access by third parties is not possible.<\/p>\n<p>When you submit inquiries to us via our contact form, the information you provide, including your contact details, will be stored by us for the purpose of processing your inquiry and for any follow-up questions. We will not share this data without your consent.<\/p>\n<p>Right to Information, Deletion, and Blocking<\/p>\n<p>You have the right to request information free of charge about your stored personal data, its origin and recipients, and the purpose of data processing, as well as the right to rectification, blocking, or deletion of this data. For this purpose, and for any further questions regarding personal data, you can contact us at any time at the address provided in the legal notice.<\/p>\n<p>This website was created with the utmost care. However, we cannot guarantee the accuracy, timeliness, or completeness of the information provided. Despite careful review of the content, we assume no liability for the content of external links. The operators of the linked websites are solely responsible for their content.<\/p>\n<p>Web design: <a href=%22https:\/\/werbegrafik.cc%22 data-et-target-link=%22_blank%22 rel=%22noopener%22>Mario Rainer | werbegrafik.cc<\/a><\/p>\n<p>&#8221; sticky_enabled=&#8221;0&#8243;]<\/p>\n<h1>Impressum<\/h1>\n<p>ROHRDI \u00ae<br \/>eine Marke der DISTLER ERDBAU GmbH<br \/>Flamberg 66a<br \/>8505 St. Nikolai i.S.<br \/>\u00d6sterreich<\/p>\n<p>office@rohrdi.com<br \/>+43 650 8465 000<\/p>\n<p><a href=\"https:\/\/firmen.wko.at\/distler-erdbau-gmbh\/steiermark\/?firmaid=45edb6e5-5401-40e3-acbd-65286eae0e5c\" target=\"_blank\" rel=\"noopener\"><img loading=\"lazy\" decoding=\"async\" src=\"https:\/\/www.rohrdi.com\/wp-content\/uploads\/2026\/03\/image.gif\" width=\"169\" height=\"23\" alt=\"\" class=\"wp-image-115 alignnone size-full\" \/><\/a><\/p>\n<hr \/>\n<h2>Datenschutz<\/h2>\n<p>Die Betreiber dieser Seiten nehmen den Schutz Ihrer pers\u00f6nlichen Daten sehr ernst. Wir behandeln Ihre personenbezogenen Daten vertraulich und entsprechend der gesetzlichen Datenschutzvorschriften sowie dieser Datenschutzerkl\u00e4rung.<br \/>Die Nutzung unserer Website ist in der Regel ohne Angabe personenbezogener Daten m\u00f6glich. Soweit auf unseren Seiten personenbezogene Daten (beispielsweise Name, Anschrift oder E-Mail-Adressen) erhoben werden, erfolgt dies, soweit m\u00f6glich, stets auf freiwilliger Basis. Diese Daten werden ohne Ihre ausdr\u00fcckliche Zustimmung nicht an Dritte weitergegeben.<br \/>Wir weisen darauf hin, dass die Daten\u00fcbertragung im Internet (z.B. bei der Kommunikation per E-Mail) Sicherheitsl\u00fccken aufweisen kann. Ein l\u00fcckenloser Schutz der Daten vor dem Zugriff durch Dritte ist nicht m\u00f6glich.<br \/>Wenn Sie uns per Kontaktformular Anfragen zukommen lassen, werden Ihre Angaben aus dem Anfrageformular inklusive der von Ihnen dort angegebenen Kontaktdaten zwecks Bearbeitung der Anfrage und f\u00fcr den Fall von Anschlussfragen bei uns gespeichert. Diese Daten geben wir nicht ohne Ihre Einwilligung weiter.<br \/>Recht auf Auskunft, L\u00f6schung, Sperrung<br \/>Sie haben jederzeit das Recht auf unentgeltliche Auskunft \u00fcber Ihre gespeicherten personenbezogenen Daten, deren Herkunft und Empf\u00e4nger und den Zweck der Datenverarbeitung sowie ein Recht auf Berichtigung, Sperrung oder L\u00f6schung dieser Daten. Hierzu sowie zu weiteren Fragen zum Thema personenbezogene Daten k\u00f6nnen Sie sich jederzeit unter der im Impressum angegebenen Adresse an uns wenden.<br \/>Diese Website wurde mit gr\u00f6\u00dfter Sorgfalt erstellt. F\u00fcr die dargebotenen Informationen kann keine Gew\u00e4hr auf Richtigkeit, Aktualit\u00e4t oder Vollst\u00e4ndigkeit \u00fcbernommen werden. Trotz sorgf\u00e4ltiger inhaltlicher Kontrolle \u00fcbernehmen wir keine Haftung f\u00fcr die Inhalte externer Links. F\u00fcr den Inhalt der verlinkten Seiten ist ausschlie\u00dflich deren Betreiber verantwortlich.<\/p>\n<p>Webdesign: <a href=\"https:\/\/werbegrafik.cc\" target=\"_blank\" rel=\"noopener\">Mario Rainer | werbegrafik.cc<\/a><\/p>\n<p>[\/et_pb_text][\/et_pb_column][\/et_pb_row][\/et_pb_section]<\/p>\n","protected":false},"excerpt":{"rendered":"<p>Impressum ROHRDI \u00aeeine Marke der DISTLER ERDBAU GmbHFlamberg 66a8505 St. Nikolai i.S.\u00d6sterreich office@rohrdi.com+43 650 8465 000 Datenschutz Die Betreiber dieser Seiten nehmen den Schutz Ihrer pers\u00f6nlichen Daten sehr ernst. Wir behandeln Ihre personenbezogenen Daten vertraulich und entsprechend der gesetzlichen Datenschutzvorschriften sowie dieser Datenschutzerkl\u00e4rung.Die Nutzung unserer Website ist in der Regel ohne Angabe personenbezogener Daten m\u00f6glich. [&hellip;]<\/p>\n","protected":false},"author":1,"featured_media":0,"parent":0,"menu_order":0,"comment_status":"closed","ping_status":"closed","template":"","meta":{"_et_pb_use_builder":"on","_et_pb_old_content":"","_et_gb_content_width":"","footnotes":""},"class_list":["post-110","page","type-page","status-publish","hentry"],"yoast_head":"<!-- This site is optimized with the Yoast SEO plugin v27.4 - https:\/\/yoast.com\/product\/yoast-seo-wordpress\/ -->\n<title>Impressum | Datenschutz<\/title>\n<meta name=\"description\" content=\"[et_pb_section fb_built=&quot;1&quot; _builder_version=&quot;4.27.6&quot; _module_preset=&quot;default&quot; background_color=&quot;#f2f2f2&quot; global_colors_info=&quot;{}&quot;][et_pb_row _builder_version=&quot;4.27.6&quot; _module_preset=&quot;default&quot; global_colors_info=&quot;{}&quot;][et_pb_column type=&quot;4_4&quot; _builder_version=&quot;4.27.6&quot; _module_preset=&quot;default&quot; global_colors_info=&quot;{}&quot;][et_pb_text _builder_version=&quot;4.27.6&quot; _module_preset=&quot;default&quot; hover_enabled=&quot;0&quot; global_colors_info=&quot;{}&quot; content_en_us=&quot;ROHRDI \u00aea brand of DISTLER ERDBAU GmbHFlamberg 66a8505 St. Nikolai i.S. Austriaoffice@rohrdi.com+43 650 8465 000 &nbsp; Data PrivacyThe operators of this website take the protection of your personal data very seriously. We treat your personal data confidentially and&hellip;\" \/>\n<meta name=\"robots\" content=\"index, follow, max-snippet:-1, max-image-preview:large, max-video-preview:-1\" \/>\n<link rel=\"canonical\" href=\"http:\/\/[et_pb_section%20fb_built=1%20_builder_version=4.27.6%20_module_preset=default%20background_color=#f2f2f2%20global_colors_info=%5D%5Bet_pb_row%20_builder_version=4.27.6%20_module_preset=default%20global_colors_info=%5D%5Bet_pb_column%20type=4_4%20_builder_version=4.27.6%20_module_preset=default%20global_colors_info=%5D%5Bet_pb_text%20_builder_version=4.27.6%20_module_preset=default%20hover_enabled=0%20global_colors_info=%20content_en_us=ROHRDI%20\u00aea%20brand%20of%20DISTLER%20ERDBAU%20GmbHFlamberg%2066a8505%20St.%20Nikolai%20i.S.%20Austriaoffice@rohrdi.com%2043%20650%208465%20000%20&nbsp;%20Data%20PrivacyThe%20operators%20of%20this%20website%20take%20the%20protection%20of%20your%20personal%20data%20very%20seriously.%20We%20treat%20your%20personal%20data%20confidentially%20and&hellip;\" \/>\n<meta property=\"og:locale\" content=\"en_US\" \/>\n<meta property=\"og:type\" content=\"article\" \/>\n<meta property=\"og:title\" content=\"Impressum | Datenschutz\" \/>\n<meta property=\"og:description\" content=\"[et_pb_section fb_built=&quot;1&quot; _builder_version=&quot;4.27.6&quot; _module_preset=&quot;default&quot; background_color=&quot;#f2f2f2&quot; global_colors_info=&quot;{}&quot;][et_pb_row _builder_version=&quot;4.27.6&quot; _module_preset=&quot;default&quot; global_colors_info=&quot;{}&quot;][et_pb_column type=&quot;4_4&quot; _builder_version=&quot;4.27.6&quot; _module_preset=&quot;default&quot; global_colors_info=&quot;{}&quot;][et_pb_text _builder_version=&quot;4.27.6&quot; _module_preset=&quot;default&quot; hover_enabled=&quot;0&quot; global_colors_info=&quot;{}&quot; content_en_us=&quot;ROHRDI \u00aea brand of DISTLER ERDBAU GmbHFlamberg 66a8505 St. Nikolai i.S. Austriaoffice@rohrdi.com+43 650 8465 000 &nbsp; Data PrivacyThe operators of this website take the protection of your personal data very seriously. We treat your personal data confidentially and&hellip;\" \/>\n<meta property=\"og:url\" content=\"https:\/\/www.rohrdi.com\/en\/impressum-datenschutz\/\" \/>\n<meta property=\"og:site_name\" content=\"ROHRDI\" \/>\n<meta property=\"article:modified_time\" content=\"2026-03-02T08:28:00+00:00\" \/>\n<meta property=\"og:image\" content=\"https:\/\/www.rohrdi.com\/wp-content\/uploads\/2026\/03\/image.gif\" \/>\n\t<meta property=\"og:image:width\" content=\"169\" \/>\n\t<meta property=\"og:image:height\" content=\"23\" \/>\n\t<meta property=\"og:image:type\" content=\"image\/gif\" \/>\n<meta name=\"twitter:card\" content=\"summary_large_image\" \/>\n<script type=\"application\/ld+json\" class=\"yoast-schema-graph\">{\"@context\":\"https:\\\/\\\/schema.org\",\"@graph\":[{\"@type\":\"WebPage\",\"@id\":\"https:\\\/\\\/www.rohrdi.com\\\/en\\\/impressum-datenschutz\\\/\",\"url\":\"https:\\\/\\\/www.rohrdi.com\\\/en\\\/impressum-datenschutz\\\/\",\"name\":\"Impressum | Datenschutz - ROHRDI\",\"isPartOf\":{\"@id\":\"https:\\\/\\\/www.rohrdi.com\\\/#website\"},\"primaryImageOfPage\":{\"@id\":\"https:\\\/\\\/www.rohrdi.com\\\/en\\\/impressum-datenschutz\\\/#primaryimage\"},\"image\":{\"@id\":\"https:\\\/\\\/www.rohrdi.com\\\/en\\\/impressum-datenschutz\\\/#primaryimage\"},\"thumbnailUrl\":\"https:\\\/\\\/www.rohrdi.com\\\/wp-content\\\/uploads\\\/2026\\\/03\\\/image.gif\",\"datePublished\":\"2026-03-02T08:16:40+00:00\",\"dateModified\":\"2026-03-02T08:28:00+00:00\",\"breadcrumb\":{\"@id\":\"https:\\\/\\\/www.rohrdi.com\\\/en\\\/impressum-datenschutz\\\/#breadcrumb\"},\"inLanguage\":\"en-US\",\"potentialAction\":[{\"@type\":\"ReadAction\",\"target\":[\"https:\\\/\\\/www.rohrdi.com\\\/en\\\/impressum-datenschutz\\\/\"]}]},{\"@type\":\"ImageObject\",\"inLanguage\":\"en-US\",\"@id\":\"https:\\\/\\\/www.rohrdi.com\\\/en\\\/impressum-datenschutz\\\/#primaryimage\",\"url\":\"https:\\\/\\\/www.rohrdi.com\\\/wp-content\\\/uploads\\\/2026\\\/03\\\/image.gif\",\"contentUrl\":\"https:\\\/\\\/www.rohrdi.com\\\/wp-content\\\/uploads\\\/2026\\\/03\\\/image.gif\"},{\"@type\":\"BreadcrumbList\",\"@id\":\"https:\\\/\\\/www.rohrdi.com\\\/en\\\/impressum-datenschutz\\\/#breadcrumb\",\"itemListElement\":[{\"@type\":\"ListItem\",\"position\":1,\"name\":\"HOME\",\"item\":\"https:\\\/\\\/www.rohrdi.com\\\/\"},{\"@type\":\"ListItem\",\"position\":2,\"name\":\"Impressum | Datenschutz\"}]},{\"@type\":\"WebSite\",\"@id\":\"https:\\\/\\\/www.rohrdi.com\\\/en\\\/#website\",\"url\":\"https:\\\/\\\/www.rohrdi.com\\\/en\\\/\",\"name\":\"ROHRDI\",\"description\":\"Pipe Assembly Technology\",\"publisher\":{\"@id\":\"https:\\\/\\\/www.rohrdi.com\\\/en\\\/#organization\"},\"potentialAction\":[{\"@type\":\"SearchAction\",\"target\":{\"@type\":\"EntryPoint\",\"urlTemplate\":\"https:\\\/\\\/www.rohrdi.com\\\/en\\\/?s={search_term_string}\"},\"query-input\":{\"@type\":\"PropertyValueSpecification\",\"valueRequired\":true,\"valueName\":\"search_term_string\"}}],\"inLanguage\":\"en-US\"},{\"@type\":\"Organization\",\"@id\":\"https:\\\/\\\/www.rohrdi.com\\\/en\\\/#organization\",\"name\":\"ROHRDI\",\"url\":\"https:\\\/\\\/www.rohrdi.com\\\/en\\\/\",\"logo\":{\"@type\":\"ImageObject\",\"inLanguage\":\"en-US\",\"@id\":\"https:\\\/\\\/www.rohrdi.com\\\/en\\\/#\\\/schema\\\/logo\\\/image\\\/\",\"url\":\"https:\\\/\\\/www.rohrdi.com\\\/wp-content\\\/uploads\\\/2026\\\/02\\\/Distler-R-Logo-web.png\",\"contentUrl\":\"https:\\\/\\\/www.rohrdi.com\\\/wp-content\\\/uploads\\\/2026\\\/02\\\/Distler-R-Logo-web.png\",\"width\":600,\"height\":656,\"caption\":\"ROHRDI\"},\"image\":{\"@id\":\"https:\\\/\\\/www.rohrdi.com\\\/en\\\/#\\\/schema\\\/logo\\\/image\\\/\"}}]}<\/script>\n<!-- \/ Yoast SEO plugin. -->","yoast_head_json":{"title":"Impressum | Datenschutz","description":"[et_pb_section fb_built=\"1\" _builder_version=\"4.27.6\" _module_preset=\"default\" background_color=\"#f2f2f2\" global_colors_info=\"{}\"][et_pb_row _builder_version=\"4.27.6\" _module_preset=\"default\" global_colors_info=\"{}\"][et_pb_column type=\"4_4\" _builder_version=\"4.27.6\" _module_preset=\"default\" global_colors_info=\"{}\"][et_pb_text _builder_version=\"4.27.6\" _module_preset=\"default\" hover_enabled=\"0\" global_colors_info=\"{}\" content_en_us=\"ROHRDI \u00aea brand of DISTLER ERDBAU GmbHFlamberg 66a8505 St. Nikolai i.S. Austriaoffice@rohrdi.com+43 650 8465 000 &nbsp; Data PrivacyThe operators of this website take the protection of your personal data very seriously. We treat your personal data confidentially and&hellip;","robots":{"index":"index","follow":"follow","max-snippet":"max-snippet:-1","max-image-preview":"max-image-preview:large","max-video-preview":"max-video-preview:-1"},"canonical":"[et_pb_section fb_built=\"1\" _builder_version=\"4.27.6\" _module_preset=\"default\" background_color=\"#f2f2f2\" global_colors_info=\"{}\"][et_pb_row _builder_version=\"4.27.6\" _module_preset=\"default\" global_colors_info=\"{}\"][et_pb_column type=\"4_4\" _builder_version=\"4.27.6\" _module_preset=\"default\" global_colors_info=\"{}\"][et_pb_text _builder_version=\"4.27.6\" _module_preset=\"default\" hover_enabled=\"0\" global_colors_info=\"{}\" content_en_us=\"ROHRDI \u00aea brand of DISTLER ERDBAU GmbHFlamberg 66a8505 St. Nikolai i.S. Austriaoffice@rohrdi.com 43 650 8465 000 &nbsp; Data PrivacyThe operators of this website take the protection of your personal data very seriously. We treat your personal data confidentially and&hellip;","og_locale":"en_US","og_type":"article","og_title":"Impressum | Datenschutz","og_description":"[et_pb_section fb_built=\"1\" _builder_version=\"4.27.6\" _module_preset=\"default\" background_color=\"#f2f2f2\" global_colors_info=\"{}\"][et_pb_row _builder_version=\"4.27.6\" _module_preset=\"default\" global_colors_info=\"{}\"][et_pb_column type=\"4_4\" _builder_version=\"4.27.6\" _module_preset=\"default\" global_colors_info=\"{}\"][et_pb_text _builder_version=\"4.27.6\" _module_preset=\"default\" hover_enabled=\"0\" global_colors_info=\"{}\" content_en_us=\"ROHRDI \u00aea brand of DISTLER ERDBAU GmbHFlamberg 66a8505 St. Nikolai i.S. Austriaoffice@rohrdi.com+43 650 8465 000 &nbsp; Data PrivacyThe operators of this website take the protection of your personal data very seriously. We treat your personal data confidentially and&hellip;","og_url":"https:\/\/www.rohrdi.com\/en\/impressum-datenschutz\/","og_site_name":"ROHRDI","article_modified_time":"2026-03-02T08:28:00+00:00","og_image":[{"width":169,"height":23,"url":"https:\/\/www.rohrdi.com\/wp-content\/uploads\/2026\/03\/image.gif","type":"image\/gif"}],"twitter_card":"summary_large_image","schema":{"@context":"https:\/\/schema.org","@graph":[{"@type":"WebPage","@id":"https:\/\/www.rohrdi.com\/en\/impressum-datenschutz\/","url":"https:\/\/www.rohrdi.com\/en\/impressum-datenschutz\/","name":"Impressum | Datenschutz - ROHRDI","isPartOf":{"@id":"https:\/\/www.rohrdi.com\/#website"},"primaryImageOfPage":{"@id":"https:\/\/www.rohrdi.com\/en\/impressum-datenschutz\/#primaryimage"},"image":{"@id":"https:\/\/www.rohrdi.com\/en\/impressum-datenschutz\/#primaryimage"},"thumbnailUrl":"https:\/\/www.rohrdi.com\/wp-content\/uploads\/2026\/03\/image.gif","datePublished":"2026-03-02T08:16:40+00:00","dateModified":"2026-03-02T08:28:00+00:00","breadcrumb":{"@id":"https:\/\/www.rohrdi.com\/en\/impressum-datenschutz\/#breadcrumb"},"inLanguage":"en-US","potentialAction":[{"@type":"ReadAction","target":["https:\/\/www.rohrdi.com\/en\/impressum-datenschutz\/"]}]},{"@type":"ImageObject","inLanguage":"en-US","@id":"https:\/\/www.rohrdi.com\/en\/impressum-datenschutz\/#primaryimage","url":"https:\/\/www.rohrdi.com\/wp-content\/uploads\/2026\/03\/image.gif","contentUrl":"https:\/\/www.rohrdi.com\/wp-content\/uploads\/2026\/03\/image.gif"},{"@type":"BreadcrumbList","@id":"https:\/\/www.rohrdi.com\/en\/impressum-datenschutz\/#breadcrumb","itemListElement":[{"@type":"ListItem","position":1,"name":"HOME","item":"https:\/\/www.rohrdi.com\/"},{"@type":"ListItem","position":2,"name":"Impressum | Datenschutz"}]},{"@type":"WebSite","@id":"https:\/\/www.rohrdi.com\/en\/#website","url":"https:\/\/www.rohrdi.com\/en\/","name":"ROHRDI","description":"Pipe Assembly Technology","publisher":{"@id":"https:\/\/www.rohrdi.com\/en\/#organization"},"potentialAction":[{"@type":"SearchAction","target":{"@type":"EntryPoint","urlTemplate":"https:\/\/www.rohrdi.com\/en\/?s={search_term_string}"},"query-input":{"@type":"PropertyValueSpecification","valueRequired":true,"valueName":"search_term_string"}}],"inLanguage":"en-US"},{"@type":"Organization","@id":"https:\/\/www.rohrdi.com\/en\/#organization","name":"ROHRDI","url":"https:\/\/www.rohrdi.com\/en\/","logo":{"@type":"ImageObject","inLanguage":"en-US","@id":"https:\/\/www.rohrdi.com\/en\/#\/schema\/logo\/image\/","url":"https:\/\/www.rohrdi.com\/wp-content\/uploads\/2026\/02\/Distler-R-Logo-web.png","contentUrl":"https:\/\/www.rohrdi.com\/wp-content\/uploads\/2026\/02\/Distler-R-Logo-web.png","width":600,"height":656,"caption":"ROHRDI"},"image":{"@id":"https:\/\/www.rohrdi.com\/en\/#\/schema\/logo\/image\/"}}]}},"_links":{"self":[{"href":"https:\/\/www.rohrdi.com\/en\/wp-json\/wp\/v2\/pages\/110","targetHints":{"allow":["GET"]}}],"collection":[{"href":"https:\/\/www.rohrdi.com\/en\/wp-json\/wp\/v2\/pages"}],"about":[{"href":"https:\/\/www.rohrdi.com\/en\/wp-json\/wp\/v2\/types\/page"}],"author":[{"embeddable":true,"href":"https:\/\/www.rohrdi.com\/en\/wp-json\/wp\/v2\/users\/1"}],"replies":[{"embeddable":true,"href":"https:\/\/www.rohrdi.com\/en\/wp-json\/wp\/v2\/comments?post=110"}],"version-history":[{"count":6,"href":"https:\/\/www.rohrdi.com\/en\/wp-json\/wp\/v2\/pages\/110\/revisions"}],"predecessor-version":[{"id":120,"href":"https:\/\/www.rohrdi.com\/en\/wp-json\/wp\/v2\/pages\/110\/revisions\/120"}],"wp:attachment":[{"href":"https:\/\/www.rohrdi.com\/en\/wp-json\/wp\/v2\/media?parent=110"}],"curies":[{"name":"wp","href":"https:\/\/api.w.org\/{rel}","templated":true}]}}